{"id":19,"date":"2026-03-17T07:48:14","date_gmt":"2026-03-17T07:48:14","guid":{"rendered":"http:\/\/192.168.0.80\/?page_id=19"},"modified":"2026-03-17T12:50:45","modified_gmt":"2026-03-17T12:50:45","slug":"test-csr","status":"publish","type":"page","link":"http:\/\/www.csr.ro\/ro\/test-csr\/","title":{"rendered":"test csr"},"content":{"rendered":"<p><strong>Comunicat de presa privind \u00eenceperea proiectului<\/strong><\/p>\n\n\n\n<p><strong>Beneficiar<\/strong>: <strong>SC CENTRUL PENTRU SERVICII DE RADIOCOMUNICA\u021aII SRL<\/strong><\/p>\n\n\n\n<p><strong>Titlu proiectului<\/strong>:<em> \u201eIntensificarea cre\u0219terii sustenabile \u0219i a competitivit\u0103\u021bii CSR prin dezvoltarea capacit\u0103\u021bilor tehnice, industriale \u0219i organiza\u021bionale\u201d.<\/em><\/p>\n\n\n\n<p><strong>Programul Regional Sud-Muntenia 2021-2027<\/strong><\/p>\n\n\n\n<p><strong>Prioritatea <\/strong>P1.O regiune competitiv\u0103 prin inovare, digitalizare \u0219i \u00eentreprinderi dinamice<\/p>\n\n\n\n<p>Obiectiv specific RSO1.3_Intensificarea cre\u0219terii durabile \u0219i a competitivit\u0103\u021bii IMM-urilor \u0219i crearea de locuri de munc\u0103 \u00een cadrul IMM-urilor, inclusiv prin investi\u021bii productive<\/p>\n\n\n\n<p><strong>Apel <\/strong>Intensificarea cre\u0219terii sustenabile \u0219i a competitivit\u0103\u021bii micro\u00eentreprinderilor, \u00eentreprinderilor mici \u0219i \u00eentreprinderilor mijlocii din regiunea Sud-Muntenia<\/p>\n\n\n\n<p><strong>Codul SMIS:331999<\/strong><\/p>\n\n\n\n<p><strong>Localizare<\/strong>Jude\u021bul Prahova, Municipiul C\u00e2mpina<\/p>\n\n\n\n<p><strong>Obiectiv general<\/strong>:<\/p>\n\n\n\n<p>Obiectivul general al proiectului este cre\u0219terea sustenabil\u0103 \u0219i intensificarea competitivit\u0103\u021bii SC CENTRUL PENTRU SERVICII DE RADIOCOMUNICA\u021aII SRL pe baza cre\u0103rii unei noi unit\u0103\u021bi de produc\u021bie a echipamentelor de comunica\u021bii \u00een regiunea Sud Muntenia, a dezvolt\u0103rii durabile a capacit\u0103\u021bii industriale \u0219i organiza\u021bionale, a interna\u021bionaliz\u0103rii \u0219i certific\u0103rii, a accesului la know-how \u0219i a implement\u0103rii de noi modele de afaceri. Prin acest proiect se va realiza o investi\u021bie ini\u021bial\u0103 care va asigura cre\u0219terea competitivit\u0103\u021bii societ\u0103\u021bii prin lucr\u0103ri de reconversie a imobilelor existente \u00een hala de produc\u021bie, achizi\u021bia de echipamente specifice \u0219i dot\u0103ri de ultim\u0103 genera\u021bie din domeniu, prin accesarea instrumentelor de interna\u021bionalizare, prin certificarea\/recertificarea produselor\/proceselor, prin certificarea sistemelor de management, prin valorizarea capacita\u021bilor de produc\u021bie cu accesul la know-how de \u00eenalt\u0103 specializare pentru dezvoltarea \u0219i implementarea de noi modele de afacere, \u00een Municipiul C\u00e2mpina, la locul de implementare a proiectului. \u00cen corelare cu Strategia Integrat\u0103 de Dezvoltare a Regiunii Sud Muntenia (RSM), proiectul \u00ee\u0219i aduce contribu\u021bia la obiectivul general al Programului Regional Sud Muntenia (PRSM), respectiv la cre\u0219terea economic\u0103 inteligent\u0103, durabil\u0103 \u0219i echilibrat\u0103 a teritoriului. Obiectivul general al proiectului asigur\u0103 realizarea Obiectivului Specific RSO 1.3. Opera\u021biunea B, prin sus\u021binerea cre\u0219terii sustenabile a companiei.<\/p>\n\n\n\n<p><strong>Obiective specifice<\/strong>:<\/p>\n\n\n\n<p><strong>Obiectiv 1<\/strong> <em>Dezvoltarea capacit\u0103\u021bii industriale a <\/em>SC CENTRUL PENTRU SERVICII DE RADIOCOMUNICA\u021aII SRL prin crearea unei noi unit\u0103\u021bi de produc\u021bie a echipamentelor de comunica\u021bii \u00een Municipiul C\u00e2mpina, prin reconversia imobilelor existente, realizarea  unei construc\u021bii noi \u0219i dotarea acestora cu echipamente performante, \u00eentr-o perioada de 36 de luni. Lucr\u0103rile de construc\u021bie se vor realiza cu respectarea celor mai noi condi\u021bii ale UE privind investi\u021biile verzi, folosindu-se pentru activitatea productiv\u0103 energie verde, nepoluant\u0103. Noua capacitate de produc\u021bie va folosi sisteme integrate pentru automatizare \u00een toate etapele procesului de produc\u021bie.<\/p>\n\n\n\n<p><strong>Obiectiv 2 <\/strong><em>Cre\u0219terea competitivit\u0103\u021bii SC CENTRUL PENTRU SERVICII DE RADIOCOMUNICA\u021aII SRL<\/em> prin certificarea a cel pu\u021bin 5 sisteme de management, prin certificarea\/recertificarea \/omologarea a cel pu\u021bin unui proces\/produs, prin realizarea a cel pu\u021bin unei activit\u0103\u021bi specifice interna\u021bionaliz\u0103rii, precum \u0219i prin activit\u0103\u021bi de digitalizare la nivelul procesului de management si produc\u021bie, \u00eentr-o perioad\u0103 de 36 de luni.<\/p>\n\n\n\n<p><strong>Obiectiv 3<\/strong> <em>Cre\u0219terea valorii cifrei de afaceri<\/em> fa\u021b\u0103 de nivelul \u00eenregistrat \u00een ultimul an fiscal \u00eencheiat \u00eenainte de depunerea cererii de finan\u021bare cu minimum 10% datorit\u0103 dezvolt\u0103rii activit\u0103\u021bii \u00een unitatea de produc\u021bie de echipamente de comunica\u021bii.<\/p>\n\n\n\n<p><strong>Scopul<\/strong> proiectului \u0219i realiz\u0103rile preconizate sau efective ale acestuia: prin realizarea obiectivelor specifice proiectul contribuie la \u00eendeplinirea Obiectivului General al Programul Regional SUD-MUNTENIA PR SM 2021-2027 stimularea cre\u0219terii economice  inteligente, durabile \u0219i echilibrate pentru asigurarea unei dezvolt\u0103ri sustenabile a regiunii.<\/p>\n\n\n\n<p><strong>Rezultate<\/strong>:<\/p>\n\n\n\n<p>Construc\u021bii noi - 3, Construc\u021bii noi - 4337.05 mp, Echipamente\/dot\u0103ri achizi\u021bionate - 9 seturi, Particip\u0103ri la t\u00e2rguri \u0219i evenimente na\u021bionale\/externe \u2013 num\u0103r: 1, Certificare\/ recertificare\/ omologare proces, produs, serviciu - 2, Certificare sistem de management \u2013 5.<\/p>\n\n\n\n<p><strong>Data de \u00eencepere<\/strong> a implement\u0103rii: 27.02.2026<\/p>\n\n\n\n<p><strong>Data de finalizare<\/strong> a implement\u0103rii 31.01.2029<\/p>\n\n\n\n<p><strong>Buget total<\/strong>: \u20ac6,688,694.45<\/p>\n\n\n\n<p><strong>Buget UE<\/strong>: \u20ac2,496,586.82<\/p>\n\n\n\n<p><strong>Buget na\u021bional<\/strong>: \u20ac440,574.14<\/p>\n\n\n\n<p><strong>Buget beneficiar<\/strong>: \u20ac1,031,902.26<\/p>\n\n\n\n<p><strong>Date de contact<\/strong> SC CENTRUL PENTRU SERVICII DE RADIOCOMUNICA\u021aII SRL<\/p>\n\n\n\n<p>Adresa web <a href=\"file:\/\/\/C:\/Users\/User\/Downloads\/www.csr.ro\">www.csr.ro<\/a><\/p>\n\n\n\n<p>Adresa e-mail <a href=\"mailto:prsm@csr.ro\">prsm@csr.ro<\/a><\/p>\n\n\n\n<p>Tel: +40 21 311 6859<\/p>\n\n\n\n<figure class=\"wp-block-image size-full\"><img loading=\"lazy\" decoding=\"async\" width=\"301\" height=\"63\" src=\"http:\/\/www.csr.ro\/wp-content\/uploads\/2026\/03\/image.jpeg\" alt=\"\" class=\"wp-image-304\" srcset=\"http:\/\/www.csr.ro\/wp-content\/uploads\/2026\/03\/image.jpeg 301w, http:\/\/www.csr.ro\/wp-content\/uploads\/2026\/03\/image-18x4.jpeg 18w\" sizes=\"auto, (max-width: 301px) 100vw, 301px\" \/><\/figure>\n\n\n\n<p>2021-2027.adrmuntenia.ro<\/p>\n\n\n\n<p><\/p>\n\n\n\n<div class=\"wp-block-columns is-layout-flex wp-container-core-columns-is-layout-28f84493 wp-block-columns-is-layout-flex\">\n<div class=\"wp-block-column is-layout-flow wp-block-column-is-layout-flow\"><a href=\"http:\/\/www.csr.ro\/wp-content\/uploads\/2026\/03\/7.Omcas-2025-2.pdf\" class=\"pdfemb-viewer\" style=\"\" data-width=\"max\" data-height=\"max\" data-toolbar=\"bottom\" data-toolbar-fixed=\"off\">7.Omcas-2025-2<\/a><\/div>\n\n\n\n<div class=\"wp-block-column is-layout-flow wp-block-column-is-layout-flow\"><a href=\"http:\/\/www.csr.ro\/wp-content\/uploads\/2026\/03\/6.ISO-20000-din-2024-2.pdf\" class=\"pdfemb-viewer\" style=\"\" data-width=\"max\" data-height=\"max\" data-toolbar=\"bottom\" data-toolbar-fixed=\"off\">6.ISO-20000-din-2024-2<\/a><\/div>\n\n\n\n<div class=\"wp-block-column is-layout-flow wp-block-column-is-layout-flow\"><a href=\"http:\/\/www.csr.ro\/wp-content\/uploads\/2026\/03\/6.37001-Antibribery-Rina-2024-2.pdf\" class=\"pdfemb-viewer\" style=\"\" data-width=\"max\" data-height=\"max\" data-toolbar=\"bottom\" data-toolbar-fixed=\"off\">6.37001-Antibribery-Rina-2024-2<\/a><\/div>\n<\/div>","protected":false},"excerpt":{"rendered":"<p>Press release regarding the start of the project Name of beneficiary: SC CENTRUL PENTRU SERVICII DE RADIOCOMUNICA\u021aII SRL Project title: Intensifying sustainable growth and competitiveness of SC CENTRUL PENTRU SERVICII DE RADIOCOMUNICA\u021aII SRL by developing technical, industrial, and organizational capacities South Muntenia Regional Program 2021-2027 Priority P1. A competitive region through innovation, digitization, and dynamic [&hellip;]<\/p>\n","protected":false},"author":1,"featured_media":0,"parent":0,"menu_order":0,"comment_status":"closed","ping_status":"closed","template":"blank","meta":{"footnotes":""},"class_list":["post-19","page","type-page","status-publish","hentry"],"_links":{"self":[{"href":"http:\/\/www.csr.ro\/ro\/wp-json\/wp\/v2\/pages\/19","targetHints":{"allow":["GET"]}}],"collection":[{"href":"http:\/\/www.csr.ro\/ro\/wp-json\/wp\/v2\/pages"}],"about":[{"href":"http:\/\/www.csr.ro\/ro\/wp-json\/wp\/v2\/types\/page"}],"author":[{"embeddable":true,"href":"http:\/\/www.csr.ro\/ro\/wp-json\/wp\/v2\/users\/1"}],"replies":[{"embeddable":true,"href":"http:\/\/www.csr.ro\/ro\/wp-json\/wp\/v2\/comments?post=19"}],"version-history":[{"count":19,"href":"http:\/\/www.csr.ro\/ro\/wp-json\/wp\/v2\/pages\/19\/revisions"}],"predecessor-version":[{"id":487,"href":"http:\/\/www.csr.ro\/ro\/wp-json\/wp\/v2\/pages\/19\/revisions\/487"}],"wp:attachment":[{"href":"http:\/\/www.csr.ro\/ro\/wp-json\/wp\/v2\/media?parent=19"}],"curies":[{"name":"wp","href":"https:\/\/api.w.org\/{rel}","templated":true}]}}