{"id":292,"date":"2026-03-16T11:27:07","date_gmt":"2026-03-16T11:27:07","guid":{"rendered":"http:\/\/www.csr.ro\/?page_id=292"},"modified":"2026-03-23T09:24:53","modified_gmt":"2026-03-23T09:24:53","slug":"project331999","status":"publish","type":"page","link":"http:\/\/www.csr.ro\/ro\/project331999\/","title":{"rendered":"Proiect 331999"},"content":{"rendered":"<p style=\"border-style:none;border-width:0px;margin-top:var(--wp--preset--spacing--80);margin-bottom:0\"><strong>Scurt\u0103 descriere a proiectului cod SMIS 331999<\/strong><\/p>\n\n\n\n<p><strong>Beneficiar: SC CENTRUL PENTRU SERVICII DE RADIOCOMUNICA\u021aII SRL<\/strong><\/p>\n\n\n\n<p id=\"ProjectTitle\"><strong>Titlu proiectului<\/strong>: <em>\u201eIntensificarea cre\u0219terii sustenabile \u0219i a competitivit\u0103\u021bii CSR prin dezvoltarea capacit\u0103\u021bilor tehnice, industriale \u0219i organiza\u021bionale\u201d.<\/em>\".<\/p>\n\n\n\n<p>Proiectul va fi implementat la punctul de lucru al societ\u0103\u021bii situat \u00een Municipiul Campina, B-dul Nicolae B\u0103lcescu nr. 46, Construc\u021biile C1 \u0219i C2, Prahova, Rom\u00e2nia, prin intermediul unei finan\u021b\u0103ri nerambursabile acordate prin Programul Regional Sud-Muntenia 2021-2027, Prioritatea de investi\u021bii 1 \u2013 \u201c O regiune competitiv\u0103 prin inovare, digitalizare \u0219i \u00eentreprinderi dinamice\u201d, Obiectivul Specific 1.3. \u2013 \u201eIntensificarea cre\u0219terii sustenabile \u0219i cre\u0219terea competitivit\u0103\u021bii IMM-urilor \u0219i crearea de locuri de munc\u0103 \u00een cadrul IMM-urilor, inclusiv prin investi\u021bii productive (FEDR)\u201d, Opera\u021biune: Sprijinirea micro\u00eentreprinderilor \u0219i IMM-urilor prin investi\u021bii \u00een active corporale \u0219i necorporale, \u00een activit\u0103\u021bi specifice economiei circulare (ex. revalorificarea materiilor prime, materialelor \u0219i produselor, valorificarea de\u0219eurilor \u0219i produselor secundare proprii prin simbioz\u0103 industrial\u0103, etc), interna\u021bionaliz\u0103rii (ex. acces la servicii de intrare pe pie\u021be interna\u021bionale\/Pia\u021ba Unic\u0103 pentru identificare de oportunit\u0103\u021bi de afaceri, parteneri \u0219i furnizare de asisten\u021b\u0103 specializat\u0103 pentru norme \u0219i reglement\u0103ri, participarea la t\u00e2rguri \u0219i expozi\u021bii interna\u021bionale, investi\u021bii adaptarea proceselor tehnologice de produc\u021bie la sistemele de certificare \u0219i standardizare specifice pie\u021belor de export, etc), certific\u0103rii \u0219i omolog\u0103rii produselor \u0219i serviciilor, \u00een vederea updat\u0103rii tehnologice, ce va conduce la \u00eembun\u0103t\u0103\u021birea capacit\u0103\u021bilor tehnice, industriale \u0219i organiza\u021bionale pentru dezvoltarea de produse \u0219i servicii<\/p>\n\n\n\n<p id=\"GeneralObjective\"><strong>Obiectivul proiectului: <\/strong>Obiectivul general al proiectului este cre\u0219terea sustenabila \u0219i intensificarea competitivit\u0103\u021bii SC CENTRUL PENTRU SERVICII DE RADIOCOMUNICA\u021aII SRL pe baza cre\u0103rii unei noi unit\u0103\u021bi de produc\u021bie a echipamentelor de comunica\u021bii in regiunea Sud Muntenia, a dezvolt\u0103rii durabile a capacit\u0103\u021bii industriale si organiza\u021bionale, a interna\u021bionaliz\u0103rii \u0219i certific\u0103rii, a accesului la know-how \u0219i a implement\u0103rii de noi modele de afaceri. Prin acest proiect se va realiza o investi\u021bie ini\u021bial\u0103 care va asigura cre\u0219terea competitivit\u0103\u021bii societ\u0103\u021bii prin lucr\u0103ri de reconversie a imobilelor existente \u00een hala de produc\u021bie, achizi\u021bia de echipamente specifice \u0219i dot\u0103ri de ultima genera\u021bie din domeniu, prin accesarea instrumentelor de interna\u021bionalizare, prin certificarea\/recertificarea produselor\/proceselor, prin certificarea sistemelor de management, prin valorizarea capacita\u021bilor de produc\u021bie cu accesul la know- how de \u00eenalt\u0103 specializare pentru dezvoltarea \u0219i implementarea de noi modele de afacere, \u00een Municipiul C\u00e2mpina, la locul de implementare a proiectului. \u00cen corelare cu Strategia Integrat\u0103 de Dezvoltare a Regiunii Sud Muntenia (RSM), proiectul \u00ee\u0219i aduce contribu\u021bia la obiectivul general al Programului Regional Sud Muntenia (PRSM), respectiv la cre\u0219terea economica inteligent\u0103, durabil\u0103 si echilibrat\u0103 a teritoriului. Obiectivul general al proiectului asigur\u0103 realizarea Obiectivului Specific RSO 1.3. Opera\u021biunea B, prin sus\u021binerea cre\u0219terii sustenabile a companiei.<\/p>\n\n\n\n<p id=\"SpecificObjectives\"><strong>Obiectivele specifice ale proiectului<\/strong><\/p>\n\n\n\n<p><strong>Obiectiv 1<\/strong> <em>Dezvoltarea capacit\u0103\u021bii industriale a <\/em>SC CENTRUL PENTRU SERVICII DE RADIOCOMUNICA\u021aII SRL prin crearea unei noi unit\u0103\u021bi de produc\u021bie a echipamentelor de comunica\u021bii \u00een Municipiul C\u00e2mpina, prin reconversia imobilelor existente, realizarea  unei construc\u021bii noi \u0219i dotarea acestora cu echipamente performante, \u00eentr-o perioada de 36 de luni. Lucr\u0103rile de construc\u021bie se vor realiza cu respectarea celor mai noi condi\u021bii ale UE privind investi\u021biile verzi, folosindu-se pentru activitatea productiv\u0103 energie verde, nepoluant\u0103. Noua capacitate de produc\u021bie va folosi sisteme integrate pentru automatizare \u00een toate etapele procesului de produc\u021bie.<\/p>\n\n\n\n<p><strong>Obiectiv 2 <\/strong><em>&nbsp;Cre\u0219terea competitivit\u0103\u021bii SC CENTRUL PENTRU SERVICII DE RADIOCOMUNICA\u021aII SRL <\/em>prin certificarea a cel pu\u021bin 5 sisteme de management, prin certificarea\/recertificarea \/omologarea a cel pu\u021bin unui proces\/produs, prin realizarea a cel pu\u021bin unei activit\u0103\u021bi specifice interna\u021bionaliz\u0103rii, precum \u0219i prin activit\u0103\u021bi de digitalizare la nivelul procesului de management si produc\u021bie, \u00eentr-o perioad\u0103 de 36 de luni.<\/p>\n\n\n\n<p><strong>Obiectiv 3 <\/strong><em>Cre\u0219terea valorii cifrei de afaceri <\/em>fa\u021b\u0103 de nivelul \u00eenregistrat \u00een ultimul an fiscal \u00eencheiat \u00eenainte de depunerea cererii de finan\u021bare cu minimum 10% datorit\u0103 dezvolt\u0103rii activit\u0103\u021bii \u00een unitatea de produc\u021bie de echipamente de comunica\u021bii<\/p>\n\n\n\n<p id=\"Results\"><strong>Rezultate a\u0219teptate:<\/strong><\/p>\n\n\n\n<p>Construc\u021bii noi\u20133, Construc\u021bii noi - 4337.05 mp, Echipamente\/dot\u0103ri achizi\u021bionate \u2013 9 seturi, Particip\u0103ri la t\u00e2rguri \u0219i evenimente na\u021bionale\/externe \u2013 num\u0103r: 1, Certificare\/ recertificare\/ omologare proces, produs, serviciu\u20132, Certificare sistem de management\u20135<\/p>\n\n\n\n<p><strong>Valoarea total\u0103 <\/strong>a contractului de finan\u021bare este de  6\u202f688\u202f694,45 Euro, din care  valoarea cofinan\u021b\u0103rii UE este de 2\u202f496\u202f586,82 Euro, finan\u021bat\u0103 din Fondul European de Dezvoltare Regional\u0103  si valoarea  din  Bugetul na\u021bional este de 440\u202f574,14  Euro.<\/p>\n\n\n\n<p><strong>Durata proiectului <\/strong>este de 36  luni (27 februarie 2026 \u2013 31 ianuarie 2029).<\/p>\n\n\n\n<p><\/p>\n\n\n\n<p><em>Pentru informa\u021bii detaliate despre Programul Regional Sud-Muntenia 2021-2027, v\u0103 invit\u0103m s\u0103 vizita\u021bi <\/em><a href=\"https:\/\/2021-2027.adrmuntenia.ro\/\" target=\"_blank\" rel=\"noreferrer noopener\"><em>2021-2027.adrmuntenia.ro<\/em><\/a><em>, iar despre celelalte programe cofinan\u021bate de Uniunea European\u0103, pute\u021bi accesa <\/em><a href=\"https:\/\/mfe.gov.ro\/\" target=\"_blank\" rel=\"noreferrer noopener\"><em>mfe.gov.ro<\/em><\/a><\/p>\n\n\n<h2 style=\"font-style:normal;font-weight:500;\" class=\"has-text-align-center wp-block-post-title has-text-color has-background-color has-content-heading-font-size\">Proiect 331999<\/h2>\n\n\n<div class=\"wp-block-buttons is-content-justification-center is-layout-flex wp-container-core-buttons-is-layout-a89b3969 wp-block-buttons-is-layout-flex\">\n<div class=\"wp-block-button is-style-fill\"><a class=\"wp-block-button__link wp-element-button\" href=\"http:\/\/www.csr.ro\/wp-content\/uploads\/2026\/03\/Comunicat-Presa.pdf\" target=\"_blank\" rel=\"noreferrer noopener\">Anunt Lansare Proiect<\/a><\/div>\n<\/div>","protected":false},"excerpt":{"rendered":"<p>Brief description of project SMIS code 331999 Beneficiary: SC CENTRUL PENTRU SERVICII DE RADIOCOMUNICA\u021aII SRL Project title: \u201cStrengthening sustainable growth and CSR competitiveness through the development of technical, industrial and organisational capacities\u201d. The project will be implemented at the company\u2019s premises located in Campina, 46 Nicolae B\u0103lcescu Boulevard, Buildings C1 and C2, Prahova, Romania, through [&hellip;]<\/p>\n","protected":false},"author":1,"featured_media":0,"parent":0,"menu_order":0,"comment_status":"closed","ping_status":"closed","template":"prsm","meta":{"footnotes":""},"class_list":["post-292","page","type-page","status-publish","hentry"],"_links":{"self":[{"href":"http:\/\/www.csr.ro\/ro\/wp-json\/wp\/v2\/pages\/292","targetHints":{"allow":["GET"]}}],"collection":[{"href":"http:\/\/www.csr.ro\/ro\/wp-json\/wp\/v2\/pages"}],"about":[{"href":"http:\/\/www.csr.ro\/ro\/wp-json\/wp\/v2\/types\/page"}],"author":[{"embeddable":true,"href":"http:\/\/www.csr.ro\/ro\/wp-json\/wp\/v2\/users\/1"}],"replies":[{"embeddable":true,"href":"http:\/\/www.csr.ro\/ro\/wp-json\/wp\/v2\/comments?post=292"}],"version-history":[{"count":45,"href":"http:\/\/www.csr.ro\/ro\/wp-json\/wp\/v2\/pages\/292\/revisions"}],"predecessor-version":[{"id":574,"href":"http:\/\/www.csr.ro\/ro\/wp-json\/wp\/v2\/pages\/292\/revisions\/574"}],"wp:attachment":[{"href":"http:\/\/www.csr.ro\/ro\/wp-json\/wp\/v2\/media?parent=292"}],"curies":[{"name":"wp","href":"https:\/\/api.w.org\/{rel}","templated":true}]}}